{"id":32,"date":"2023-12-06T21:40:30","date_gmt":"2023-12-06T20:40:30","guid":{"rendered":"https:\/\/jeanmaxvigneron.wordpress.com\/?page_id=9"},"modified":"2026-02-27T20:05:59","modified_gmt":"2026-02-27T19:05:59","slug":"home","status":"publish","type":"page","link":"https:\/\/jean-max.org\/","title":{"rendered":"Jean Max"},"content":{"rendered":"\n<figure itemscope itemtype=\"https:\/\/schema.org\/ImageObject\">\n\t\t\t\t<img decoding=\"async\" src=\"https:\/\/jean-max.org\/wp-content\/uploads\/2026\/01\/tete-et-feuille_small.png\" alt=\"tete et feuille_small\" height=\"1469\" width=\"1164\" title=\"tete et feuille_small\" onerror=\"this.style.display='none'\" loading=\"lazy\" \/>\n\t<\/figure>\n<h1>\n\t\t\tJean Max\t<\/h1>\n\t<p>Explorateur des Terroirs Sud-Beaujolais<\/p>\n\t<p>&nbsp;<\/p>\n<hr \/>\n<h2>\n\t\t\tPr\u00e9sentation\t<\/h2>\n\t<p>Je suis originaire du village de Charnay en plein c\u0153ur du Beaujolais des pierres dor\u00e9es. D\u00e8s le plus jeune \u00e2ge, je me suis nourri de cette ambiance viticole, rythm\u00e9e par les saisons. Ces souvenirs ont fait \u00e9merger en moi l&rsquo;envie de continuer avec ce dynamisme social et valoriser ce m\u00e9tier qui s&rsquo;inscrit dans notre culture r\u00e9gionale. J&rsquo;aime l&rsquo;id\u00e9e de continuit\u00e9.<\/p>\n<hr \/>\n<p>Jusqu&rsquo;\u00e0 pr\u00e9sent, j&rsquo;ai re\u00e7u des autres et me suis positionn\u00e9 comme un \u00e9l\u00e8ve de la vie, men\u00e9e par de belle rencontre. J&rsquo;ai travaill\u00e9 un an et demi au domaine de la Soufrandi\u00e8re, chez les Bret Brothers, m&rsquo;initiant \u00e0 la transformation vinique dans un aspect technique de parfaite ma\u00eetrise. Un travail fin dans un format gastronomique. J&rsquo;ai la chance et la fiert\u00e9 d&rsquo;\u00eatre accompagn\u00e9 par des vignerons g\u00e9n\u00e9reux de conseils. J&rsquo;entends par l\u00e0, remercier la famille Thillardon, la famille Saint Cyr, la famille Texier, la Famille M\u00e9tras et la family Bret pour leur soutien. C&rsquo;est gr\u00e2ce \u00e0 eux que j&rsquo;ai confiance dans ce m\u00e9tier d&rsquo;art. 2024 est mon 7\u00e9me mill\u00e9sime. Je cultive d\u00e9sormais 3.8 ha sur les terroirs du sud beaujolais. J&rsquo;ai pris racine \u00e0 Lachassagne Grand Terroir \u00e0 blanc, mais pas que, les argiles du cot\u00e9 est, nous promettre un beau grain de gamay. C&rsquo;est termin\u00e9 pour le n\u00e9goce qui a \u00e9t\u00e9 un bon tremplin.<\/p>\n<figure itemscope itemtype=\"https:\/\/schema.org\/ImageObject\">\n\t\t\t\t<img decoding=\"async\" src=\"https:\/\/jean-max.org\/wp-content\/uploads\/2026\/01\/jeanmax_0824_08-683x1024.jpg\" alt=\"jeanmax_0824_08\" height=\"1024\" width=\"683\" title=\"jeanmax_0824_08\" onerror=\"this.style.display='none'\" loading=\"lazy\" \/>\n\t<\/figure>\n<figure itemscope itemtype=\"https:\/\/schema.org\/ImageObject\">\n\t\t\t\t<img decoding=\"async\" src=\"https:\/\/jean-max.org\/wp-content\/uploads\/2024\/03\/000027-1024x692.jpg\" alt=\"Portrait de Maxime Barrot\" height=\"692\" width=\"1024\" title=\"000027\" onerror=\"this.style.display='none'\" loading=\"lazy\" \/>\n\t<\/figure>\n\t<p>Au niveau cultural, les argiles sont un bon terrain de jeux. Ces terres fertiles me permettent de mettre en place des syst\u00e8mes viticoles productifs tout en laissant beaucoup d&rsquo;herbe et de respecter la vie lombricienne. Au niveau vinification, je commence \u00e0 avoir une connaissance de mes terroirs. Cela me permet d&rsquo;allier perfectionnement et s\u00e9r\u00e9nit\u00e9 dans l&rsquo;\u00e9laboration des jus.<\/p>\n<p>Je confectionne mes vins avec beaucoup d&rsquo;\u00e2me. Je m&rsquo;initie \u00e0 la virtuosit\u00e9 du m\u00e9tier. Franchir la technique pour en toucher deux mots au clitoris du palais.<\/p>\n\t<h3><em>La conscience peut vibrer gr\u00e2ce \u00e0 nos sens.<\/em><\/h3>\n\t<p>&nbsp;<\/p>\n<hr \/>\n<h2>\n\t\t\tLa vigne\t<\/h2>\n<figure itemscope itemtype=\"https:\/\/schema.org\/ImageObject\">\n\t\t\t\t<img decoding=\"async\" src=\"https:\/\/jean-max.org\/wp-content\/uploads\/2026\/01\/000037-1024x692.jpg\" alt=\"caisse contenant des raisins blancs lors de vendanges\" height=\"692\" width=\"1024\" title=\"caisse_raisins\" onerror=\"this.style.display='none'\" loading=\"lazy\" \/>\n\t<\/figure>\n\t<p>Cela fait d\u00e9sormais 4 ans que je travaille les vignes de Lachassagne.<\/p>\n<p>J&rsquo;ai une approche agronomique visant le gain d&rsquo;humus et le renforcement de l&rsquo;enracinement de la vigne pour une plus grande r\u00e9sistance \u00e0 la s\u00e8cheresse. Je crois aussi \u00e0 la concurrence positive des adventices. Pour cela, j&rsquo;ai fait de gros apport d&rsquo;humus (150 tonnes\/hectare\/3 ans) avec des cultures d&rsquo;engrais vert en inter-rang, et des apports au printemps de fumier de poule. On d\u00e9roule des bottes de pailles dans les rangs de passage.<\/p>\n\t<p>Ce r\u00e9gime riche me permet de laisser plus de 66% de mes vignes enherb\u00e9es, tout en produisant 40hl\/ha. J&rsquo;ai mordu \u00e0 l&rsquo;hame\u00e7on des sols vivants, et me r\u00e9jouis \u00e0 faire des pr\u00e9parations de LiFofer et de purins qui activent et subliment cette vie microbienne.<\/p>\n\t<p>Nous travaillons tout \u00e0 la main, hormis le travail du sol en superficie avec un chenillard pour limiter le tassement. Les traitements se font pour la moiti\u00e9 \u00e0 l&rsquo;atomiseur.<\/p>\n<p>Le m\u00e9tier de vigneron est un travail de fond, pouss\u00e9 par l&rsquo;athl\u00e9tisme de nos jambes, et l&rsquo;agilit\u00e9 de nos mains. J&rsquo;aime ce rapport Homme\/Liane, domestiquant ces rameaux qui ne veulent que grimper !<\/p>\n<figure itemscope itemtype=\"https:\/\/schema.org\/ImageObject\">\n\t\t\t\t<img decoding=\"async\" src=\"https:\/\/jean-max.org\/wp-content\/uploads\/2026\/01\/jeanmax_0824_11-scaled.jpg\" alt=\"twingo verte dans les vignes\" height=\"1707\" width=\"2560\" title=\"jeanmax_0824_11\" onerror=\"this.style.display='none'\" loading=\"lazy\" \/>\n\t<\/figure>\n<figure itemscope itemtype=\"https:\/\/schema.org\/ImageObject\">\n\t\t\t\t<img decoding=\"async\" src=\"https:\/\/jean-max.org\/wp-content\/uploads\/2026\/01\/jeanmax_0824_07-scaled.jpg\" alt=\"photo de mains travaillant la vigne\" height=\"1707\" width=\"2560\" title=\"mains_vigne\" onerror=\"this.style.display='none'\" loading=\"lazy\" \/>\n\t<\/figure>\n\t<p>Je pratique la taille douce et fais des essais de rehausse dans les vignes pour gagner en hauteur de feuillage et avoir plus d&rsquo;ombre et donc des raisins moins pouss\u00e9s aux UV. Les maturit\u00e9s des grappes est un enjeu cl\u00e9 pour l&rsquo;\u00e9laboration des jus.<\/p>\n<p>\u00ab\u00a0Chaque style de vin \u00e0 sa maturit\u00e9\u00a0\u00bb, l&rsquo;id\u00e9e est d\u00e9sormais de comprendre mes terroirs et de savoir les exprimer.<\/p>\n<figure itemscope itemtype=\"https:\/\/schema.org\/ImageObject\">\n\t\t\t\t<img decoding=\"async\" src=\"https:\/\/jean-max.org\/wp-content\/uploads\/2026\/01\/jeanmax_0824_02-scaled.jpg\" alt=\"jeanmax_0824_02\" height=\"2560\" width=\"1707\" title=\"jeanmax_0824_02\" onerror=\"this.style.display='none'\" loading=\"lazy\" \/>\n\t<\/figure>\n<figure data-animation-delay=\"0\" data-animation-duration=\"1\" itemscope itemtype=\"https:\/\/schema.org\/ImageObject\">\n\t\t\t\t<img decoding=\"async\" src=\"https:\/\/jean-max.org\/wp-content\/uploads\/2026\/01\/000025-1024x692.jpg\" alt=\"groupe de vendangeurs pendant le repas\" height=\"692\" width=\"1024\" title=\"vendangeurs\" onerror=\"this.style.display='none'\" loading=\"lazy\" \/>\n\t<\/figure>\n<h2>\n\t\t\tLa cave\t<\/h2>\n<figure itemscope itemtype=\"https:\/\/schema.org\/ImageObject\">\n\t\t\t\t<img decoding=\"async\" src=\"https:\/\/jean-max.org\/wp-content\/uploads\/2026\/02\/jeanmax-01-scaled-e1772214018990.jpg\" alt=\"jeanmax 01\" height=\"1707\" width=\"2138\" title=\"jeanmax 01\" onerror=\"this.style.display='none'\" loading=\"lazy\" \/>\n\t<\/figure>\n\tFabrication tr\u00e8s artisanale, vendange en caisses de 15kg pour rentrer la vendange la moins tritur\u00e9e possible. Travail \u00e0 froid en mac\u00e9ration carbonique pour les rouges. Long \u00e9levage en fut sur les chardonnays.<br \/>\nPresse pneumatique en douceur pour des jus clairs et une belle extraction de la mati\u00e8re, transvasement des jus au maximum par gravit\u00e9, grande attention \u00e0 ne pas oxyder les jus gr\u00e2ce \u00e0 l&rsquo;inertage. Utilisation d&rsquo;une pompe p\u00e9ristaltique \u00e0 bas d\u00e9bit avant les mises.\n\t<p>Un travail soigneux, plein de bonnes intentions, qui me permet d&rsquo;\u00e9laborer des vins dans la finesse. Le vin est un mat\u00e9riel sensible. Nous avons la chance d&rsquo;en \u00e9tudier les comportements. Nous sommes que petit alchimiste qui palpons la grandeur de la fermentation et qui la guidons vers le produit le plus pur !<\/p>\n\tSi nous allons au bout sans rien toucher, cela n&rsquo;est que perfection, et c&rsquo;est le but de chaque cuv\u00e9e. Les r\u00e9ussir avec de la simple bonne intention. Mais la maitrise de cet art est un long chemin ! Avec la connaissance compl\u00e8te des terroirs et la parfaite ma\u00eetrise agricole. Notre r\u00f4le est aussi, en tant qu&rsquo;alchimiste, d&rsquo;intervenir quand la magie s&rsquo;arr\u00eate,<br \/>\nJe ne perds pas de vue l&rsquo;essentiel, produire des vins de qualit\u00e9, et cela doit parfois passer par l&rsquo;intervention. C&rsquo;est ainsi.\n<figure itemscope itemtype=\"https:\/\/schema.org\/ImageObject\">\n\t\t\t\t<img decoding=\"async\" src=\"https:\/\/jean-max.org\/wp-content\/uploads\/2026\/02\/jeanmax-18-scaled.jpg\" alt=\"jeanmax 18\" height=\"1707\" width=\"2560\" title=\"jeanmax 18\" onerror=\"this.style.display='none'\" loading=\"lazy\" \/>\n\t<\/figure>\n<figure itemscope itemtype=\"https:\/\/schema.org\/ImageObject\">\n\t\t\t\t<img decoding=\"async\" src=\"https:\/\/jean-max.org\/wp-content\/uploads\/2026\/02\/jeanmax-21-scaled.jpg\" alt=\"jeanmax 21\" height=\"1707\" width=\"2560\" title=\"jeanmax 21\" onerror=\"this.style.display='none'\" loading=\"lazy\" \/>\n\t<\/figure>\n<h2>\n\t\t\tLes vins\t<\/h2>\n<figure itemscope itemtype=\"https:\/\/schema.org\/ImageObject\">\n\t\t\t\t<img decoding=\"async\" src=\"https:\/\/jean-max.org\/wp-content\/uploads\/2026\/01\/Untitled_Artwork-5-e1768410312183-300x284.png\" alt=\"bambino\" height=\"284\" width=\"300\" title=\"bambino\" onerror=\"this.style.display='none'\" loading=\"lazy\" \/>\n\t<\/figure>\n<h3>\n\t\t\tBambino 2024 : Un gamay comme une grenadine pour grand\t<\/h3>\n\t<ul>\n<li>3400 bouteilles<\/li>\n<li>50 magnums<\/li>\n<li>mac\u00e9ration carbonique de 20 jours<\/li>\n<li>fermentation spontan\u00e9e<\/li>\n<li>\u00e9levage et clarification en fut pendant 8 mois<\/li>\n<li>20mg\/L SO2 ajout\u00e9s avant la mise<\/li>\n<li>AV : 0.4 g\/L H2So4<\/li>\n<\/ul>\n\t<hr \/>\n<h3>\n\t\t\tLe rouge \u00e0 li\u00e8vre 2023 : un gamay charmeur de cassis\t<\/h3>\n\t<ul>\n<li>5500 bouteilles<\/li>\n<li>100 magnums<\/li>\n<li>mac\u00e9ration carbonique de 14 jours<\/li>\n<li>fermentation spontan\u00e9e<\/li>\n<li>\u00e9levage et clarification en cuve pendant 13 mois<\/li>\n<li>10mg\/L SO2 ajout\u00e9s avant la mise<\/li>\n<li>AV : 0.61g\/L H2So4<\/li>\n<\/ul>\n<figure itemscope itemtype=\"https:\/\/schema.org\/ImageObject\">\n\t\t\t\t<img decoding=\"async\" src=\"https:\/\/jean-max.org\/wp-content\/uploads\/2026\/01\/Untitled_Artwork-1-291x300.png\" alt=\"rouge \u00e0 li\u00e8vre\" height=\"300\" width=\"291\" title=\"rouge \u00e0 li\u00e8vre\" onerror=\"this.style.display='none'\" loading=\"lazy\" \/>\n\t<\/figure>\n\t<hr \/>\n<figure itemscope itemtype=\"https:\/\/schema.org\/ImageObject\">\n\t\t\t\t<img decoding=\"async\" src=\"https:\/\/jean-max.org\/wp-content\/uploads\/2026\/01\/Untitled_Artwork-e1768410343111-270x300.png\" alt=\"ext&#039;hase\" height=\"300\" width=\"270\" title=\"ext&#039;hase\" onerror=\"this.style.display='none'\" loading=\"lazy\" \/>\n\t<\/figure>\n<h3>\n\t\t\tL&rsquo;Ext&rsquo;hase 2024 : Gamay sur calcaire fin, fluide et \u00e9l\u00e9gant\t<\/h3>\n\t<ul>\n<li>3310 bouteilles<\/li>\n<li>50 magnums<\/li>\n<li>mac\u00e9ration carbonique de 20 jours<\/li>\n<li>fermentation spontan\u00e9e<\/li>\n<li>\u00e9levage et clarification en fut pendant 8 mois<\/li>\n<li>sans SO2 ajout\u00e9s<\/li>\n<li>AV : 0.4 g\/L H2So4<\/li>\n<\/ul>\n\t<hr \/>\n<h3>\n\t\t\tDame Jeanne 2022 : un gamay rond et plein\t<\/h3>\n\t<ul>\n<li>2400 bouteilles<\/li>\n<li>100 magnums<\/li>\n<li>mac\u00e9ration carbonique de 21 jours<\/li>\n<li>fermentation spontan\u00e9e<\/li>\n<li>\u00e9levage et clarification en fut pendant 9 mois<\/li>\n<li>sans SO2 ajout\u00e9s<\/li>\n<li>AV : 0.52g\/L H2So4<\/li>\n<\/ul>\n<figure itemscope itemtype=\"https:\/\/schema.org\/ImageObject\">\n\t\t\t\t<img decoding=\"async\" src=\"https:\/\/jean-max.org\/wp-content\/uploads\/2026\/01\/Untitled_Artwork-2-289x300.png\" alt=\"dame jeanne\" height=\"300\" width=\"289\" title=\"dame jeanne\" onerror=\"this.style.display='none'\" loading=\"lazy\" \/>\n\t<\/figure>\n\t<hr \/>\n<figure itemscope itemtype=\"https:\/\/schema.org\/ImageObject\">\n\t\t\t\t<img decoding=\"async\" src=\"https:\/\/jean-max.org\/wp-content\/uploads\/2026\/01\/Untitled_Artwork-3-289x300.png\" alt=\"li\u00e8vre blanc\" height=\"300\" width=\"289\" title=\"li\u00e8vre blanc\" onerror=\"this.style.display='none'\" loading=\"lazy\" \/>\n\t<\/figure>\n<h3>\n\t\t\tLi\u00e8vre blanc 2022 : un chardonnay riche avec une belle tension\t<\/h3>\n\t<ul>\n<li>4800 bouteilles<\/li>\n<li>100 magnums<\/li>\n<li>pressurage direct<\/li>\n<li>fermentation spontan\u00e9e<\/li>\n<li>\u00e9levage et clarification en fut pendant 12 mois puis 12 mois en cuve<\/li>\n<li>3g\/Hl SO2 pendant FA<\/li>\n<\/ul>\n\t<hr \/>\n<h2>\n\t\t\tLes vignerons partenaires\t<\/h2>\n\t<p><em>En 2023, j&rsquo;ai gard\u00e9 deux partenariats, deux cuv\u00e9es singuli\u00e8res sur <\/em><em>des terroirs uniques du sud du Beaujolais. <\/em><em>J&rsquo;ai arr\u00eat\u00e9 l&rsquo;activit\u00e9 de n\u00e9goce en 2024 mais je ne voulais pas arr\u00eater la cuv\u00e9e Sainte Paule, j&rsquo;ai donc repris des vignes sur ces coteaux.<\/em><\/p>\n<p><em>Les cuv\u00e9es terroirs sont \u00e9labor\u00e9es en mac\u00e9ration carbonique, fermentation spontan\u00e9e, \u00e9levage et clarification des vins en f\u00fbt.<\/em><\/p>\n<h3>\n\t\t\tSaint Germain 2023 : plein et \u00e9l\u00e9gant sur une pointe d&rsquo;\u00e9levage\t<\/h3>\n\t<ul>\n<li>995 bouteilles<\/li>\n<li>50 magnum<\/li>\n<li>10mg\/L SO2 ajout\u00e9s avant mise<\/li>\n<li>AV : 0.48g\/L H2So4<\/li>\n<\/ul>\n<figure itemscope itemtype=\"https:\/\/schema.org\/ImageObject\">\n\t\t\t\t<img decoding=\"async\" src=\"https:\/\/jean-max.org\/wp-content\/uploads\/2024\/03\/beaujolais-saint-germain-2021.png\" alt=\"beaujolais saint germain 2021\" height=\"300\" width=\"428\" title=\"beaujolais saint germain 2021\" onerror=\"this.style.display='none'\" loading=\"lazy\" \/>\n\t<\/figure>\n\t<hr \/>\n<figure itemscope itemtype=\"https:\/\/schema.org\/ImageObject\">\n\t\t\t\t<img decoding=\"async\" src=\"https:\/\/jean-max.org\/wp-content\/uploads\/2024\/03\/Beaujolais-sainte-paule-2021.png\" alt=\"Beaujolais sainte paule 2021\" height=\"285\" width=\"437\" title=\"Beaujolais sainte paule 2021\" onerror=\"this.style.display='none'\" loading=\"lazy\" \/>\n\t<\/figure>\n<h3>\n\t\t\tSainte Paule 2023 : tr\u00e8s fin et floral, belle r\u00e9duction graphite\t<\/h3>\n\t<ul>\n<li>1400 bouteilles<\/li>\n<li>100 magnum<\/li>\n<li>sans SO2 ajout\u00e9s<\/li>\n<li>AV : 0.62g\/L H2So4<\/li>\n<\/ul>\n\t<hr \/>\n<h3>\n\t\t\tJean Veut Amphore 2023 (7 mois mac\u00e9ration)\t<\/h3>\n\t<p><em>La cuv\u00e9e est issue de raisin de Sainte Paule, tr\u00e8s beau terroir granitique<\/em><\/p>\n<ul>\n<li>150 bouteilles, 150 magnums<\/li>\n<li>sans So2 ajout\u00e9s<\/li>\n<li>AV : 0.73g\/L H2So4<\/li>\n<li>cuv\u00e9e unique r\u00e9alis\u00e9 avec 7 mois de mac\u00e9ration en amphore<\/li>\n<\/ul>\n<figure itemscope itemtype=\"https:\/\/schema.org\/ImageObject\">\n\t\t\t\t<img decoding=\"async\" src=\"https:\/\/jean-max.org\/wp-content\/uploads\/2026\/01\/jean_veut_amphore-1.jpg\" alt=\"jean_veut_amphore\" height=\"301\" width=\"429\" title=\"jean_veut_amphore\" onerror=\"this.style.display='none'\" loading=\"lazy\" \/>\n\t<\/figure>\n\t<p>&nbsp;<\/p>\n<hr \/>\n<figure itemscope itemtype=\"https:\/\/schema.org\/ImageObject\">\n\t\t\t\t<img decoding=\"async\" src=\"https:\/\/jean-max.org\/wp-content\/uploads\/2026\/01\/oreilles-238x300.png\" alt=\"oreilles\" height=\"300\" width=\"238\" title=\"oreilles\" onerror=\"this.style.display='none'\" loading=\"lazy\" \/>\n\t<\/figure>\n<p><strong><em>Le li\u00e8vre est la figure de mon activit\u00e9. <\/em><\/strong><\/p>\n<strong><em>Vif, habile et nocturne, ce mammif\u00e8re signifie, dans les courses, un athl\u00e8te donnant de son effort afin de favoriser la victoire de son co-\u00e9quipier.<\/em><\/strong><br \/>\n<strong><em>Je m&rsquo;identifie comme tel, un artisan faisant la course de la vinification afin de valoriser mes terroirs.<\/em><\/strong>\n\t<p>&nbsp;<\/p>\n<hr \/>\n<h2>\n\t\t\tUn carton ? Une info ? \t<\/h2>\n\t<p><em>Je fais des envois sur toute la France avec les transporteurs Transvins et Chamonard sur la r\u00e9gion parisienne <\/em><em>(consultez et t\u00e9l\u00e9chargez les grilles tarifaires ci-dessous)<\/em><\/p>\n\t\t\t<a href=\"https:\/\/jean-max.org\/wp-content\/uploads\/2026\/01\/Transvins_2026.pdf\"  target=\"_blank\" rel=\"noopener\"    rel=\"noopener\">\n\t\t\t\t\t\tTransvins\n\t\t\t\t\t<\/a>\n\t\t\t<a href=\"https:\/\/jean-max.org\/wp-content\/uploads\/2026\/01\/Chamonards.pdf\"  target=\"_blank\" rel=\"noopener\"    rel=\"noopener\">\n\t\t\t\t\t\tChamonard\n\t\t\t\t\t<\/a>\n<figure itemscope itemtype=\"https:\/\/schema.org\/ImageObject\">\n\t\t\t\t<img decoding=\"async\" src=\"https:\/\/jean-max.org\/wp-content\/uploads\/2026\/02\/jeanmax-13-1536x1024.jpg\" alt=\"jeanmax 13\" height=\"1024\" width=\"1536\" title=\"jeanmax 13\" onerror=\"this.style.display='none'\" loading=\"lazy\" \/>\n\t<\/figure>\n\t<p>&nbsp;<\/p>\n<hr \/>\n<h3>\n\t\t\tContact\t<\/h3>\n\t<p>Maxime Barrot <\/p>\n<p>70 rue du Pinet <\/p>\n<p>69380 Charnay<\/p>\n\t\t\t<a href=\"https:\/\/www.facebook.com\/jeanmax.wine.5\"  target=\"_blank\" rel=\"noopener\"    rel=\"noopener\">\n\t\t\t\t\t\tFacebook\n\t\t\t\t\t<\/a>\n\t\t\t<a href=\"https:\/\/www.instagram.com\/jeanmaxwine\/\"  target=\"_blank\" rel=\"noopener\"    rel=\"noopener\">\n\t\t\t\t\t\tInstagram\n\t\t\t\t\t<\/a>\n\t<p><a href=\"mailto:maxime.barrot@hotmail.fr\" target=\"_blank\" rel=\"noreferrer noopener\">maxime.barrot@hotmail.fr<\/a><\/p>\n<p><a href=\"tel:+33673867527\">(+33)0673867527<\/a><\/p>\n\n","protected":false},"excerpt":{"rendered":"<p>Jean Max Explorateur des Terroirs Sud-Beaujolais &nbsp; Pr\u00e9sentation Je suis originaire du village de Charnay en plein c\u0153ur du Beaujolais [&hellip;]<\/p>\n","protected":false},"author":1,"featured_media":0,"parent":0,"menu_order":0,"comment_status":"closed","ping_status":"closed","template":"","meta":{"site-sidebar-layout":"default","site-content-layout":"","ast-site-content-layout":"default","site-content-style":"default","site-sidebar-style":"default","ast-global-header-display":"","ast-banner-title-visibility":"","ast-main-header-display":"","ast-hfb-above-header-display":"","ast-hfb-below-header-display":"","ast-hfb-mobile-header-display":"","site-post-title":"","ast-breadcrumbs-content":"","ast-featured-img":"","footer-sml-layout":"","ast-disable-related-posts":"","theme-transparent-header-meta":"","adv-header-id-meta":"","stick-header-meta":"","header-above-stick-meta":"","header-main-stick-meta":"","header-below-stick-meta":"","astra-migrate-meta-layouts":"default","ast-page-background-enabled":"default","ast-page-background-meta":{"desktop":{"background-color":"var(--ast-global-color-5)","background-image":"","background-repeat":"repeat","background-position":"center center","background-size":"auto","background-attachment":"scroll","background-type":"","background-media":"","overlay-type":"","overlay-color":"","overlay-opacity":"","overlay-gradient":""},"tablet":{"background-color":"","background-image":"","background-repeat":"repeat","background-position":"center center","background-size":"auto","background-attachment":"scroll","background-type":"","background-media":"","overlay-type":"","overlay-color":"","overlay-opacity":"","overlay-gradient":""},"mobile":{"background-color":"","background-image":"","background-repeat":"repeat","background-position":"center center","background-size":"auto","background-attachment":"scroll","background-type":"","background-media":"","overlay-type":"","overlay-color":"","overlay-opacity":"","overlay-gradient":""}},"ast-content-background-meta":{"desktop":{"background-color":"var(--ast-global-color-4)","background-image":"","background-repeat":"repeat","background-position":"center center","background-size":"auto","background-attachment":"scroll","background-type":"","background-media":"","overlay-type":"","overlay-color":"","overlay-opacity":"","overlay-gradient":""},"tablet":{"background-color":"var(--ast-global-color-4)","background-image":"","background-repeat":"repeat","background-position":"center center","background-size":"auto","background-attachment":"scroll","background-type":"","background-media":"","overlay-type":"","overlay-color":"","overlay-opacity":"","overlay-gradient":""},"mobile":{"background-color":"var(--ast-global-color-4)","background-image":"","background-repeat":"repeat","background-position":"center center","background-size":"auto","background-attachment":"scroll","background-type":"","background-media":"","overlay-type":"","overlay-color":"","overlay-opacity":"","overlay-gradient":""}},"footnotes":""},"class_list":["post-32","page","type-page","status-publish","hentry"],"aioseo_notices":[],"_links":{"self":[{"href":"https:\/\/jean-max.org\/index.php?rest_route=\/wp\/v2\/pages\/32","targetHints":{"allow":["GET"]}}],"collection":[{"href":"https:\/\/jean-max.org\/index.php?rest_route=\/wp\/v2\/pages"}],"about":[{"href":"https:\/\/jean-max.org\/index.php?rest_route=\/wp\/v2\/types\/page"}],"author":[{"embeddable":true,"href":"https:\/\/jean-max.org\/index.php?rest_route=\/wp\/v2\/users\/1"}],"replies":[{"embeddable":true,"href":"https:\/\/jean-max.org\/index.php?rest_route=%2Fwp%2Fv2%2Fcomments&post=32"}],"version-history":[{"count":72,"href":"https:\/\/jean-max.org\/index.php?rest_route=\/wp\/v2\/pages\/32\/revisions"}],"predecessor-version":[{"id":346,"href":"https:\/\/jean-max.org\/index.php?rest_route=\/wp\/v2\/pages\/32\/revisions\/346"}],"wp:attachment":[{"href":"https:\/\/jean-max.org\/index.php?rest_route=%2Fwp%2Fv2%2Fmedia&parent=32"}],"curies":[{"name":"wp","href":"https:\/\/api.w.org\/{rel}","templated":true}]}}